{"id":411,"date":"2021-08-27T12:19:36","date_gmt":"2021-08-27T12:19:36","guid":{"rendered":"http:\/\/dummy.xtemos.com\/woodmart2\/elementor\/?post_type=product&#038;p=411"},"modified":"2025-05-15T22:52:19","modified_gmt":"2025-05-15T22:52:19","slug":"monopati-agiorgitiko","status":"publish","type":"product","link":"https:\/\/tavaresmkt.com.br\/lamasia\/product\/monopati-agiorgitiko\/","title":{"rendered":"MONOPATI AGIORGITIKO"},"content":{"rendered":"\t\t<div data-elementor-type=\"wp-post\" data-elementor-id=\"411\" class=\"elementor elementor-411\">\n\t\t\t\t<div class=\"wd-negative-gap elementor-element elementor-element-997cfae e-flex e-con-boxed e-con e-parent\" data-id=\"997cfae\" data-element_type=\"container\">\n\t\t\t\t\t<div class=\"e-con-inner\">\n\t\t<div class=\"elementor-element elementor-element-67d4c92 e-con-full e-flex e-con e-child\" data-id=\"67d4c92\" data-element_type=\"container\">\n\t\t\t\t<div class=\"elementor-element elementor-element-ebb40a2 elementor-widget elementor-widget-wd_text_block\" data-id=\"ebb40a2\" data-element_type=\"widget\" data-widget_type=\"wd_text_block.default\">\n\t\t\t\t<div class=\"elementor-widget-container\">\n\t\t\t\t\t\t\t<div class=\"wd-text-block reset-last-child text-left\">\n\t\t\t\n\t\t\t<h3>Dados T\u00e9cnicos<\/h3>\n<ul>\n<li><strong>\u00c1lcool:<\/strong> 13%<\/li>\n<li><strong>Acidez:<\/strong> 5,4 g\/lt<\/li>\n<li><strong>pH:<\/strong> 3,5<\/li>\n<li><strong>A\u00e7\u00facar residual:<\/strong> &lt;2 g\/lt<\/li>\n<li><strong>Safra:<\/strong> 2020<\/li>\n<li><strong>Variedade:<\/strong> Agiorgitiko 100%<\/li>\n<\/ul>\n<h3>Temperatura<\/h3>\n<p>\n  Servir a 15\u00b0C - 17\u00b0C.<\/p>\n\n\t\t\t\t\t<\/div>\n\t\t\t\t\t\t<\/div>\n\t\t\t\t<\/div>\n\t\t\t\t<\/div>\n\t\t<div class=\"elementor-element elementor-element-3fed916 e-con-full e-flex e-con e-child\" data-id=\"3fed916\" data-element_type=\"container\">\n\t\t\t\t<div class=\"elementor-element elementor-element-d6c6ca0 color-scheme-inherit text-left elementor-widget elementor-widget-text-editor\" data-id=\"d6c6ca0\" data-element_type=\"widget\" data-widget_type=\"text-editor.default\">\n\t\t\t\t<div class=\"elementor-widget-container\">\n\t\t\t\t\t\t\t\t\t<h3>Caracter\u00edsticas de degusta\u00e7\u00e3o<\/h3>\n<p>\n  A cor \u00e9 um violeta brilhante de intensidade m\u00e9dia com uma tonalidade rosada.\n  O nariz \u00e9 animado e intenso com aromas de cerejas pretas e amoras com notas de ameixa, menex e ervas secas.\n  O paladar \u00e9 de corpo m\u00e9dio com acidez moderada e taninos suaves e redondos \u2013 tudo em harmonia.\n  O acabamento \u00e9 de m\u00e9dia intensidade com um final de semente de anis.\n<\/p>\t\t\t\t\t\t\t\t<\/div>\n\t\t\t\t<\/div>\n\t\t\t\t<\/div>\n\t\t<div class=\"elementor-element elementor-element-6ef8290 e-con-full e-flex e-con e-child\" data-id=\"6ef8290\" data-element_type=\"container\">\n\t\t\t\t<div class=\"elementor-element elementor-element-b39b441 elementor-widget elementor-widget-wd_text_block\" data-id=\"b39b441\" data-element_type=\"widget\" data-widget_type=\"wd_text_block.default\">\n\t\t\t\t<div class=\"elementor-widget-container\">\n\t\t\t\t\t\t\t<div class=\"wd-text-block reset-last-child text-left\">\n\t\t\t\n\t\t\t<h3>Harmoniza\u00e7\u00e3o<\/h3>\n<p>\n  Acompanha e enfatiza pratos de carne e legumes, pratos com frutas vermelhas ou escuras, cogumelos grelhados.<\/p>\n\n\t\t\t\t\t<\/div>\n\t\t\t\t\t\t<\/div>\n\t\t\t\t<\/div>\n\t\t\t\t<\/div>\n\t\t\t\t\t<\/div>\n\t\t\t\t<\/div>\n\t\t\t\t<\/div>\n\t\t","protected":false},"excerpt":{"rendered":"<p><strong data-start=\"166\" data-end=\"195\">Monopati Agiorgitiko 2020<\/strong> \u00e9 um tinto grego elaborado 100% com a uva Agiorgitiko, origin\u00e1ria da regi\u00e3o de Nemea. Apresenta cor violeta brilhante com reflexos rosados e um perfil arom\u00e1tico intenso, com destaque para cerejas pretas, amoras, ameixas e notas sutis de ervas secas e flores silvestres<\/p>\n","protected":false},"featured_media":27855,"comment_status":"open","ping_status":"closed","template":"","meta":[],"product_brand":[],"product_cat":[30,21,29],"product_tag":[],"class_list":{"0":"post-411","1":"product","2":"type-product","3":"status-publish","4":"has-post-thumbnail","6":"product_cat-peloponeso","7":"product_cat-vinhos","8":"product_cat-vinhos-gregos","10":"first","11":"instock","12":"shipping-taxable","13":"purchasable","14":"product-type-simple"},"_links":{"self":[{"href":"https:\/\/tavaresmkt.com.br\/lamasia\/wp-json\/wp\/v2\/product\/411","targetHints":{"allow":["GET"]}}],"collection":[{"href":"https:\/\/tavaresmkt.com.br\/lamasia\/wp-json\/wp\/v2\/product"}],"about":[{"href":"https:\/\/tavaresmkt.com.br\/lamasia\/wp-json\/wp\/v2\/types\/product"}],"replies":[{"embeddable":true,"href":"https:\/\/tavaresmkt.com.br\/lamasia\/wp-json\/wp\/v2\/comments?post=411"}],"version-history":[{"count":6,"href":"https:\/\/tavaresmkt.com.br\/lamasia\/wp-json\/wp\/v2\/product\/411\/revisions"}],"predecessor-version":[{"id":27878,"href":"https:\/\/tavaresmkt.com.br\/lamasia\/wp-json\/wp\/v2\/product\/411\/revisions\/27878"}],"wp:featuredmedia":[{"embeddable":true,"href":"https:\/\/tavaresmkt.com.br\/lamasia\/wp-json\/wp\/v2\/media\/27855"}],"wp:attachment":[{"href":"https:\/\/tavaresmkt.com.br\/lamasia\/wp-json\/wp\/v2\/media?parent=411"}],"wp:term":[{"taxonomy":"product_brand","embeddable":true,"href":"https:\/\/tavaresmkt.com.br\/lamasia\/wp-json\/wp\/v2\/product_brand?post=411"},{"taxonomy":"product_cat","embeddable":true,"href":"https:\/\/tavaresmkt.com.br\/lamasia\/wp-json\/wp\/v2\/product_cat?post=411"},{"taxonomy":"product_tag","embeddable":true,"href":"https:\/\/tavaresmkt.com.br\/lamasia\/wp-json\/wp\/v2\/product_tag?post=411"}],"curies":[{"name":"wp","href":"https:\/\/api.w.org\/{rel}","templated":true}]}}