{"id":1640,"date":"2024-12-17T19:42:21","date_gmt":"2024-12-17T19:42:21","guid":{"rendered":"https:\/\/tavaresmkt.com.br\/fernandaking\/?page_id=1640"},"modified":"2024-12-20T18:28:57","modified_gmt":"2024-12-20T18:28:57","slug":"sobre","status":"publish","type":"page","link":"https:\/\/tavaresmkt.com.br\/fernandaking\/sobre\/","title":{"rendered":"Sobre"},"content":{"rendered":"\t\t<div data-elementor-type=\"wp-page\" data-elementor-id=\"1640\" class=\"elementor elementor-1640\">\n\t\t\t\t\t\t<section class=\"elementor-section elementor-top-section elementor-element elementor-element-aeaf1cb elementor-section-content-middle elementor-section-boxed elementor-section-height-default elementor-section-height-default\" data-id=\"aeaf1cb\" data-element_type=\"section\">\n\t\t\t\t\t\t<div class=\"elementor-container elementor-column-gap-extended\">\n\t\t\t\t\t<div class=\"elementor-column elementor-col-50 elementor-top-column elementor-element elementor-element-e209ac4 ot-flex-column-vertical\" data-id=\"e209ac4\" data-element_type=\"column\">\n\t\t\t<div class=\"elementor-widget-wrap elementor-element-populated\">\n\t\t\t\t\t\t<div class=\"elementor-element elementor-element-34ca8c4 elementor-widget elementor-widget-image\" data-id=\"34ca8c4\" data-element_type=\"widget\" data-widget_type=\"image.default\">\n\t\t\t\t<div class=\"elementor-widget-container\">\n\t\t\t\t\t\t\t\t\t\t\t\t\t\t\t<img fetchpriority=\"high\" decoding=\"async\" width=\"630\" height=\"475\" src=\"https:\/\/tavaresmkt.com.br\/fernandaking\/wp-content\/uploads\/2024\/12\/sobre-img.jpg\" class=\"attachment-full size-full wp-image-1642\" alt=\"\" srcset=\"https:\/\/tavaresmkt.com.br\/fernandaking\/wp-content\/uploads\/2024\/12\/sobre-img.jpg 630w, https:\/\/tavaresmkt.com.br\/fernandaking\/wp-content\/uploads\/2024\/12\/sobre-img-300x226.jpg 300w\" sizes=\"(max-width: 630px) 100vw, 630px\" \/>\t\t\t\t\t\t\t\t\t\t\t\t\t\t\t<\/div>\n\t\t\t\t<\/div>\n\t\t\t\t\t<\/div>\n\t\t<\/div>\n\t\t\t\t<div class=\"elementor-column elementor-col-50 elementor-top-column elementor-element elementor-element-1feb286 ot-flex-column-vertical\" data-id=\"1feb286\" data-element_type=\"column\">\n\t\t\t<div class=\"elementor-widget-wrap elementor-element-populated\">\n\t\t\t\t\t\t<div class=\"elementor-element elementor-element-841e06b elementor-widget elementor-widget-iheading\" data-id=\"841e06b\" data-element_type=\"widget\" data-widget_type=\"iheading.default\">\n\t\t\t\t<div class=\"elementor-widget-container\">\n\t\t\t\t\t\t\t<div class=\"ot-heading\">\r\n\t        <span class=\"is_highlight\">Quem sou<\/span>\t        <h3 class=\"main-head\">Fernanda King<\/h3>\t    <\/div>\r\n\t    \t\t\t\t<\/div>\n\t\t\t\t<\/div>\n\t\t\t\t<div class=\"elementor-element elementor-element-bb4f4ed elementor-widget elementor-widget-text-editor\" data-id=\"bb4f4ed\" data-element_type=\"widget\" data-widget_type=\"text-editor.default\">\n\t\t\t\t<div class=\"elementor-widget-container\">\n\t\t\t\t\t\t\t\t\t<p>Fernanda King \u00e9 neuropedagoga, palestrante e<br \/>especialista em Educa\u00e7\u00e3o Infantil, al\u00e9m de empres\u00e1ria,<br \/>escritora, diretora e fundadora do Petit Kids Cultural<br \/>Center. Com forma\u00e7\u00e3o nacional e internacional em<br \/>institui\u00e7\u00f5es como Reggio Em\u00edlia (It\u00e1lia), Jard\u00edn Fabulinus<br \/>(Argentina), Instituto Cognos (Portugal) e Rede PiklerL\u00f3czy (Brasil), sua miss\u00e3o \u00e9 lutar pela valoriza\u00e7\u00e3o da<br \/>educa\u00e7\u00e3o. Seu conhecimento, sua experi\u00eancia, sua<br \/>disposi\u00e7\u00e3o e seu engajamento a tornam uma voz cada vez<br \/>mais influente na \u00e1rea educacional<\/p>\t\t\t\t\t\t\t\t<\/div>\n\t\t\t\t<\/div>\n\t\t\t\t\t<\/div>\n\t\t<\/div>\n\t\t\t\t\t<\/div>\n\t\t<\/section>\n\t\t\t\t<section class=\"elementor-section elementor-top-section elementor-element elementor-element-c06a642 elementor-section-full_width elementor-section-content-middle elementor-section-height-default elementor-section-height-default\" data-id=\"c06a642\" data-element_type=\"section\">\n\t\t\t\t\t\t<div class=\"elementor-container elementor-column-gap-no\">\n\t\t\t\t\t<div class=\"elementor-column elementor-col-50 elementor-top-column elementor-element elementor-element-12fc6dd ot-flex-column-vertical\" data-id=\"12fc6dd\" data-element_type=\"column\" data-settings=\"{&quot;background_background&quot;:&quot;classic&quot;}\">\n\t\t\t<div class=\"elementor-widget-wrap elementor-element-populated\">\n\t\t\t\t\t\t<section class=\"elementor-section elementor-inner-section elementor-element elementor-element-dcce221 mr_0 elementor-section-boxed elementor-section-height-default elementor-section-height-default\" data-id=\"dcce221\" data-element_type=\"section\">\n\t\t\t\t\t\t<div class=\"elementor-container elementor-column-gap-default\">\n\t\t\t\t\t<div class=\"elementor-column elementor-col-100 elementor-inner-column elementor-element elementor-element-5a456b2 ot-flex-column-vertical\" data-id=\"5a456b2\" data-element_type=\"column\">\n\t\t\t<div class=\"elementor-widget-wrap elementor-element-populated\">\n\t\t\t\t\t\t<div class=\"elementor-element elementor-element-5ca3ffb elementor-widget elementor-widget-iheading\" data-id=\"5ca3ffb\" data-element_type=\"widget\" data-widget_type=\"iheading.default\">\n\t\t\t\t<div class=\"elementor-widget-container\">\n\t\t\t\t\t\t\t<div class=\"ot-heading\">\r\n\t        \t        <h3 class=\"main-head\">Uma jornada transformadora<\/h3>\t    <\/div>\r\n\t    \t\t\t\t<\/div>\n\t\t\t\t<\/div>\n\t\t\t\t<div class=\"elementor-element elementor-element-1254e02 elementor-widget elementor-widget-text-editor\" data-id=\"1254e02\" data-element_type=\"widget\" data-widget_type=\"text-editor.default\">\n\t\t\t\t<div class=\"elementor-widget-container\">\n\t\t\t\t\t\t\t\t\t<div><div>Ap\u00f3s dez anos atuando na \u00e1rea de publicidade, Fernanda &#8211; uma carioca radicada em S\u00e3o Paulo &#8211; fez uma transi\u00e7\u00e3o de carreira inspirada pela maternidade, tornando-se educadora. Ela \u00e9 a fundadora do Petit Kids Cultural Center, uma escola que reflete seus ideais de educa\u00e7\u00e3o humanizada. Com dedica\u00e7\u00e3o \u00e0 capacita\u00e7\u00e3o de educadores, seu trabalho tem impactado \u00a0positivamente a pr\u00e1tica pedag\u00f3gica em v\u00e1rias institui\u00e7\u00f5es.<\/div><\/div>\t\t\t\t\t\t\t\t<\/div>\n\t\t\t\t<\/div>\n\t\t\t\t\t<\/div>\n\t\t<\/div>\n\t\t\t\t\t<\/div>\n\t\t<\/section>\n\t\t\t\t\t<\/div>\n\t\t<\/div>\n\t\t\t\t<div class=\"elementor-column elementor-col-50 elementor-top-column elementor-element elementor-element-8dfdfa7 ot-flex-column-vertical\" data-id=\"8dfdfa7\" data-element_type=\"column\">\n\t\t\t<div class=\"elementor-widget-wrap elementor-element-populated\">\n\t\t\t\t\t\t<div class=\"elementor-element elementor-element-0fa885b elementor-widget elementor-widget-image\" data-id=\"0fa885b\" data-element_type=\"widget\" data-widget_type=\"image.default\">\n\t\t\t\t<div class=\"elementor-widget-container\">\n\t\t\t\t\t\t\t\t\t\t\t\t\t\t\t<img decoding=\"async\" width=\"959\" height=\"650\" src=\"https:\/\/tavaresmkt.com.br\/fernandaking\/wp-content\/uploads\/2024\/12\/sobre-2.webp\" class=\"attachment-full size-full wp-image-1644\" alt=\"\" srcset=\"https:\/\/tavaresmkt.com.br\/fernandaking\/wp-content\/uploads\/2024\/12\/sobre-2.webp 959w, https:\/\/tavaresmkt.com.br\/fernandaking\/wp-content\/uploads\/2024\/12\/sobre-2-300x203.webp 300w, https:\/\/tavaresmkt.com.br\/fernandaking\/wp-content\/uploads\/2024\/12\/sobre-2-768x521.webp 768w\" sizes=\"(max-width: 959px) 100vw, 959px\" \/>\t\t\t\t\t\t\t\t\t\t\t\t\t\t\t<\/div>\n\t\t\t\t<\/div>\n\t\t\t\t\t<\/div>\n\t\t<\/div>\n\t\t\t\t\t<\/div>\n\t\t<\/section>\n\t\t<div class=\"elementor-element elementor-element-0997cd7 e-flex e-con-boxed e-con e-parent\" data-id=\"0997cd7\" data-element_type=\"container\">\n\t\t\t\t\t<div class=\"e-con-inner\">\n\t\t\t\t<div class=\"elementor-element elementor-element-a1a974e elementor-widget elementor-widget-iheading\" data-id=\"a1a974e\" data-element_type=\"widget\" data-widget_type=\"iheading.default\">\n\t\t\t\t<div class=\"elementor-widget-container\">\n\t\t\t\t\t\t\t<div class=\"ot-heading\">\r\n\t        \t        <h3 class=\"main-head\">Estilo Inspirador<\/h3>\t    <\/div>\r\n\t    \t\t\t\t<\/div>\n\t\t\t\t<\/div>\n\t\t\t\t\t<\/div>\n\t\t\t\t<\/div>\n\t\t<div class=\"elementor-element elementor-element-43bc267 e-flex e-con-boxed e-con e-parent\" data-id=\"43bc267\" data-element_type=\"container\">\n\t\t\t\t\t<div class=\"e-con-inner\">\n\t\t\t\t<div class=\"elementor-element elementor-element-72e9efe elementor-widget elementor-widget-text-editor\" data-id=\"72e9efe\" data-element_type=\"widget\" data-widget_type=\"text-editor.default\">\n\t\t\t\t<div class=\"elementor-widget-container\">\n\t\t\t\t\t\t\t\t\t<div><div>As palestras de Fernanda abordam temas relevantes como motiva\u00e7\u00e3o para equipes, metodologias pedag\u00f3gicas inovadoras e pr\u00e1ticas inclusivas. Seu estilo inspirador permite que ela \u00a0compartilhe experi\u00eancias pr\u00e1ticas e aplic\u00e1veis, tornando suas apresenta\u00e7\u00f5es memor\u00e1veis. Fernanda tem se destacado em eventos de grande porte, trazendo insights valiosos para a<\/div><div>comunidade educacional.<\/div><\/div>\t\t\t\t\t\t\t\t<\/div>\n\t\t\t\t<\/div>\n\t\t\t\t\t<\/div>\n\t\t\t\t<\/div>\n\t\t\t\t<section class=\"elementor-section elementor-top-section elementor-element elementor-element-13d051c elementor-section-content-middle elementor-reverse-tablet elementor-reverse-mobile elementor-section-boxed elementor-section-height-default elementor-section-height-default\" data-id=\"13d051c\" data-element_type=\"section\">\n\t\t\t\t\t\t<div class=\"elementor-container elementor-column-gap-extended\">\n\t\t\t\t\t<div class=\"elementor-column elementor-col-50 elementor-top-column elementor-element elementor-element-38c59b8 ot-flex-column-vertical\" data-id=\"38c59b8\" data-element_type=\"column\">\n\t\t\t<div class=\"elementor-widget-wrap elementor-element-populated\">\n\t\t\t\t\t\t<div class=\"elementor-element elementor-element-09201c4 elementor-widget elementor-widget-image\" data-id=\"09201c4\" data-element_type=\"widget\" data-widget_type=\"image.default\">\n\t\t\t\t<div class=\"elementor-widget-container\">\n\t\t\t\t\t\t\t\t\t\t\t\t\t\t\t<img decoding=\"async\" width=\"516\" height=\"625\" src=\"https:\/\/tavaresmkt.com.br\/fernandaking\/wp-content\/uploads\/2024\/12\/Design-sem-nome-7.png\" class=\"attachment-full size-full wp-image-1652\" alt=\"\" srcset=\"https:\/\/tavaresmkt.com.br\/fernandaking\/wp-content\/uploads\/2024\/12\/Design-sem-nome-7.png 516w, https:\/\/tavaresmkt.com.br\/fernandaking\/wp-content\/uploads\/2024\/12\/Design-sem-nome-7-248x300.png 248w\" sizes=\"(max-width: 516px) 100vw, 516px\" \/>\t\t\t\t\t\t\t\t\t\t\t\t\t\t\t<\/div>\n\t\t\t\t<\/div>\n\t\t\t\t\t<\/div>\n\t\t<\/div>\n\t\t\t\t<div class=\"elementor-column elementor-col-50 elementor-top-column elementor-element elementor-element-3dbe801 ot-flex-column-vertical\" data-id=\"3dbe801\" data-element_type=\"column\">\n\t\t\t<div class=\"elementor-widget-wrap elementor-element-populated\">\n\t\t\t\t\t\t<div class=\"elementor-element elementor-element-f18a8d8 elementor-widget elementor-widget-iheading\" data-id=\"f18a8d8\" data-element_type=\"widget\" data-widget_type=\"iheading.default\">\n\t\t\t\t<div class=\"elementor-widget-container\">\n\t\t\t\t\t\t\t<div class=\"ot-heading\">\r\n\t        \t        <h3 class=\"main-head\">Reconhecimento e <br> Parcerias<\/h3>\t    <\/div>\r\n\t    \t\t\t\t<\/div>\n\t\t\t\t<\/div>\n\t\t\t\t<div class=\"elementor-element elementor-element-081d438 elementor-widget elementor-widget-text-editor\" data-id=\"081d438\" data-element_type=\"widget\" data-widget_type=\"text-editor.default\">\n\t\t\t\t<div class=\"elementor-widget-container\">\n\t\t\t\t\t\t\t\t\t<p>Fernanda colabora com institui\u00e7\u00f5es renomadas, como SESCs e Secretarias da Educa\u00e7\u00e3o. Sua presen\u00e7a na m\u00eddia inclui participa\u00e7\u00f5es em programas de TV e r\u00e1dio, al\u00e9m de colabora\u00e7\u00f5es em publica\u00e7\u00f5es como <em>Folha de S\u00e3o Paulo<\/em>, <em>Revista Veja<\/em> e <em>Direcional Escolas<\/em>, onde atua como colunista. Essas parcerias destacam sua lideran\u00e7a no setor educacional e na orienta\u00e7\u00e3o familiar.<\/p>\t\t\t\t\t\t\t\t<\/div>\n\t\t\t\t<\/div>\n\t\t\t\t\t<\/div>\n\t\t<\/div>\n\t\t\t\t\t<\/div>\n\t\t<\/section>\n\t\t\t\t<section class=\"elementor-section elementor-top-section elementor-element elementor-element-0fc2c52 elementor-section-boxed elementor-section-height-default elementor-section-height-default\" data-id=\"0fc2c52\" data-element_type=\"section\" data-settings=\"{&quot;background_background&quot;:&quot;classic&quot;}\">\n\t\t\t\t\t\t<div class=\"elementor-container elementor-column-gap-default\">\n\t\t\t\t\t<div class=\"elementor-column elementor-col-100 elementor-top-column elementor-element elementor-element-453ba34 ot-flex-column-vertical\" data-id=\"453ba34\" data-element_type=\"column\">\n\t\t\t<div class=\"elementor-widget-wrap elementor-element-populated\">\n\t\t\t\t\t\t<div class=\"elementor-element elementor-element-da19a32 elementor-widget elementor-widget-iclogos\" data-id=\"da19a32\" data-element_type=\"widget\" data-widget_type=\"iclogos.default\">\n\t\t\t\t<div class=\"elementor-widget-container\">\n\t\t\t\t\t\t\t\r\n\t\t<div class=\"logos-carousel\" data-loop=\"true\" data-auto=\"true\" data-time=\"7000\" data-arrows=\"false\" data-dots=\"false\" data-show=\"5\" data-tshow=\"4\" data-mshow=\"2\" data-gaps=\"80\" data-tgaps=\"80\" data-mgaps=\"80\">\r\n\t\t\t<div class=\"owl-carousel owl-theme\">\r\n\t\t        <a href=\"#\"><figure><img decoding=\"async\" src=\"https:\/\/tavaresmkt.com.br\/fernandaking\/wp-content\/uploads\/elementor\/thumbs\/Veja-qyngu13h4d8et7lx04r73tmzwcx0q2on1cluunrv9s.png\" alt=\"\"><\/figure><\/a><a href=\"#\"><figure><img decoding=\"async\" src=\"https:\/\/tavaresmkt.com.br\/fernandaking\/wp-content\/uploads\/elementor\/thumbs\/Terra-qyngu13h4d8et7lx04r73tmzwcx0q2on1cluunrv9s.png\" alt=\"\"><\/figure><\/a><a href=\"#\"><figure><img decoding=\"async\" src=\"https:\/\/tavaresmkt.com.br\/fernandaking\/wp-content\/uploads\/elementor\/thumbs\/SBT-qyngu13h4d8et7lx04r73tmzwcx0q2on1cluunrv9s.png\" alt=\"\"><\/figure><\/a><a href=\"#\"><figure><img decoding=\"async\" src=\"https:\/\/tavaresmkt.com.br\/fernandaking\/wp-content\/uploads\/elementor\/thumbs\/Record-qyngu13h4d8et7lx04r73tmzwcx0q2on1cluunrv9s.png\" alt=\"\"><\/figure><\/a><a href=\"#\"><figure><img decoding=\"async\" src=\"https:\/\/tavaresmkt.com.br\/fernandaking\/wp-content\/uploads\/elementor\/thumbs\/Folha-qyngu13h4d8et7lx04r73tmzwcx0q2on1cluunrv9s.png\" alt=\"\"><\/figure><\/a>\t\t    <\/div>\r\n\t    <\/div>\r\n\t\t\t\t\t\t<\/div>\n\t\t\t\t<\/div>\n\t\t\t\t\t<\/div>\n\t\t<\/div>\n\t\t\t\t\t<\/div>\n\t\t<\/section>\n\t\t\t\t<\/div>\n\t\t","protected":false},"excerpt":{"rendered":"<p>Quem sou Fernanda King Fernanda King \u00e9 neuropedagoga, palestrante eespecialista em Educa\u00e7\u00e3o Infantil, al\u00e9m de empres\u00e1ria,escritora, diretora e fundadora do Petit Kids CulturalCenter. Com forma\u00e7\u00e3o nacional e internacional eminstitui\u00e7\u00f5es como Reggio Em\u00edlia (It\u00e1lia), Jard\u00edn Fabulinus(Argentina), Instituto Cognos (Portugal) e Rede PiklerL\u00f3czy (Brasil), sua miss\u00e3o \u00e9 lutar pela valoriza\u00e7\u00e3o daeduca\u00e7\u00e3o. Seu conhecimento, sua experi\u00eancia, suadisposi\u00e7\u00e3o e [&hellip;]<\/p>\n","protected":false},"author":1,"featured_media":0,"parent":0,"menu_order":0,"comment_status":"closed","ping_status":"closed","template":"","meta":{"footnotes":""},"class_list":["post-1640","page","type-page","status-publish","hentry"],"_links":{"self":[{"href":"https:\/\/tavaresmkt.com.br\/fernandaking\/wp-json\/wp\/v2\/pages\/1640","targetHints":{"allow":["GET"]}}],"collection":[{"href":"https:\/\/tavaresmkt.com.br\/fernandaking\/wp-json\/wp\/v2\/pages"}],"about":[{"href":"https:\/\/tavaresmkt.com.br\/fernandaking\/wp-json\/wp\/v2\/types\/page"}],"author":[{"embeddable":true,"href":"https:\/\/tavaresmkt.com.br\/fernandaking\/wp-json\/wp\/v2\/users\/1"}],"replies":[{"embeddable":true,"href":"https:\/\/tavaresmkt.com.br\/fernandaking\/wp-json\/wp\/v2\/comments?post=1640"}],"version-history":[{"count":13,"href":"https:\/\/tavaresmkt.com.br\/fernandaking\/wp-json\/wp\/v2\/pages\/1640\/revisions"}],"predecessor-version":[{"id":1777,"href":"https:\/\/tavaresmkt.com.br\/fernandaking\/wp-json\/wp\/v2\/pages\/1640\/revisions\/1777"}],"wp:attachment":[{"href":"https:\/\/tavaresmkt.com.br\/fernandaking\/wp-json\/wp\/v2\/media?parent=1640"}],"curies":[{"name":"wp","href":"https:\/\/api.w.org\/{rel}","templated":true}]}}