{"id":1750,"date":"2021-04-30T06:18:31","date_gmt":"2021-04-30T06:18:31","guid":{"rendered":"https:\/\/www.devsnews.com\/wp\/medidove\/about-02-copy\/"},"modified":"2024-02-09T20:25:26","modified_gmt":"2024-02-09T23:25:26","slug":"clinica","status":"publish","type":"page","link":"https:\/\/tavaresmkt.com.br\/drflavioramires\/clinica\/","title":{"rendered":"Cl\u00ednica"},"content":{"rendered":"\t\t<div data-elementor-type=\"wp-post\" data-elementor-id=\"1750\" class=\"elementor elementor-1750\">\n\t\t\t\t\t\t\t<div class=\"elementor-element elementor-element-e3a87c5 e-con-full e-flex e-con e-parent\" data-id=\"e3a87c5\" data-element_type=\"container\" data-settings=\"{&quot;content_width&quot;:&quot;full&quot;}\" data-core-v316-plus=\"true\">\n\t\t\t\t<div class=\"elementor-element elementor-element-504c045 elementor-align-left elementor-widget elementor-widget-bdevs-why-choose\" data-id=\"504c045\" data-element_type=\"widget\" data-widget_type=\"bdevs-why-choose.default\">\n\t\t\t\t<div class=\"elementor-widget-container\">\n\t\t\t\t\t\r\n\r\n        <!-- hiring-area start -->\r\n        <section class=\"hiring-area pos-rel\">\r\n            <div class=\"hiring-bottom pos-rel\">\r\n                <div class=\"hire-right-img\" data-background=\"https:\/\/tavaresmkt.com.br\/drflavioramires\/wp-content\/uploads\/2024\/02\/clinica2.jpg\"><\/div>\r\n                <div class=\"container-fulid pl-0 pr-0\">\r\n                    <div class=\"row no-gutters\">\r\n                        <div class=\"col-xl-6 col-lg-8\">\r\n                            <div class=\"hire-text hire-text-2 h4hire-text bdevs-el-content\">\r\n                                <div class=\"about-title mb-20\">\r\n                                    \t \r\n\r\n\t\t\t\t\t\t\t\t\t\t\t\t\t\t\t\t\t\t\t<h2 class=\"sec-title bdevs-el-title\"> Sobre n\u00f3s<\/h2>\r\n\t\t\t\t\t\t\t\t\t                                <\/div>\r\n                                <div class=\"about-text\">\r\n                                    <p class=\"bdevs-el-desc\">Nosso espa\u00e7o busca oferecer tudo o que \u00e9 preciso para um atendimento humanizado e de qualidade. Al\u00e9m de profissionais qualificados, contamos com uma infraestrutura completa para o atendimento Ginecol\u00f3gico e Obst\u00e9trico com seguran\u00e7a, comodidade e privacidade.\n\nAl\u00e9m de gestantes de todas as idades, a cl\u00ednica est\u00e1 especialmente preparada para o atendimento \u00e0 gestantes de alto risco (diab\u00e9ticas, hipertensas, cardiopatas e idosas).\u00a0\n\nAten\u00e7\u00e3o e cuidado \u00e9 nosso foco e tudo por aqui foi pensado para proporcionar isso \u00e0 nossas pacientes!\u00a0<\/p>\r\n                                <\/div>\r\n                                <ul class=\"professinals-list pt-10 pb-20\">\r\n                                \t\t\t\t                            <li class=\"bdevs-el-item \"><i class=\"fa fa-check\"><\/i><span>Especialidades<\/span><\/li>\r\n\t\t\t\t                    \t\t\t                            <li class=\"bdevs-el-item \"><i class=\"fa fa-check\"><\/i><span>Diversos outros servi\u00e7os<\/span><\/li>\r\n\t\t\t\t                                                    <\/ul>\r\n\r\n                                \t                                <div class=\"hiring-button\">\r\n\t                                    <a data-animation=\"fadeInLeft\" data-delay=\".6s\" href=\"\/drflavioramires\/servicos\/\" target=\"_self\" class=\"btn btn-icon tp-el-btn btn-icon-green ml-0\"><span>+<\/span>Clique aqui e confira<\/a>\r\n\t                                <\/div>\r\n\t                            \r\n                            <\/div>\r\n                        <\/div>\r\n                    <\/div>\r\n                <\/div>\r\n            <\/div>\r\n        <\/section>\r\n        <!-- hiring-area end -->\r\n\r\n\r\n\t\t\t<\/div>\n\t\t\t\t<\/div>\n\t\t\t\t<\/div>\n\t\t\t\t<section class=\"elementor-section elementor-top-section elementor-element elementor-element-029bd07 elementor-section-boxed elementor-section-height-default elementor-section-height-default\" data-id=\"029bd07\" data-element_type=\"section\">\n\t\t\t\t\t\t<div class=\"elementor-container elementor-column-gap-default\">\n\t\t\t\t\t<div class=\"elementor-column elementor-col-100 elementor-top-column elementor-element elementor-element-6ed82bb\" data-id=\"6ed82bb\" data-element_type=\"column\">\n\t\t\t<div class=\"elementor-widget-wrap elementor-element-populated\">\n\t\t\t\t\t\t\t\t<div class=\"elementor-element elementor-element-42b0365 elementor-align-center elementor-widget elementor-widget-bdevs-heading\" data-id=\"42b0365\" data-element_type=\"widget\" data-widget_type=\"bdevs-heading.default\">\n\t\t\t\t<div class=\"elementor-widget-container\">\n\t\t\t\t\t\t<div class=\"section-title pos-rel tp-el-content\">\r\n\r\n\t\t\t\t\r\n\t\t\t\t\t\t\t\t\t\t\t<div class=\"section-icon\">\r\n\t\t\t\t\t\t\t<img class=\"section-back-icon back-icon-left\" \r\n\t\t\t\t\t\t\tsrc=\"https:\/\/tavaresmkt.com.br\/drflavioramires\/wp-content\/themes\/medidove\/img\/section\/section-back-icon.png\" alt=\"img\">\r\n\t\t\t\t\t\t<\/div>\r\n\t\t\t\t\t\r\n\t\t\t\t\r\n\t\t\t\t<div class=\"section-text pos-rel\">\r\n\t\t\t\t\t\r\n\t\t\t\t\t<h2 class=\"sec-title tp-el-title\">Conhe\u00e7a nossa estrutura<\/h2>\r\n\t\t\t\t\t\t\t\t\t<\/div>\r\n\r\n\t\t\t\t\t\t\t\t\t\t\t\t\t\t\t\t\t\t\t\t\t\t<div class=\"section-line pos-rel\">\r\n\t\t\t\t\t\t\t\t<img decoding=\"async\" src=\"https:\/\/tavaresmkt.com.br\/drflavioramires\/wp-content\/uploads\/2019\/05\/section-title-line.png\" alt=\"img\">\r\n\t\t\t\t\t\t\t<\/div>\r\n\t\t\t\t\t\t\r\n\t\t\t\t\t\t\t\t\t\t\t\t<\/div>\r\n\r\n\t\t\t\t<\/div>\n\t\t\t\t<\/div>\n\t\t\t\t\t<\/div>\n\t\t<\/div>\n\t\t\t\t\t\t\t<\/div>\n\t\t<\/section>\n\t\t<div class=\"elementor-element elementor-element-773ece5 e-flex e-con-boxed e-con e-parent\" data-id=\"773ece5\" data-element_type=\"container\" data-settings=\"{&quot;content_width&quot;:&quot;boxed&quot;}\" data-core-v316-plus=\"true\">\n\t\t\t\t\t<div class=\"e-con-inner\">\n\t\t\t\t<div class=\"elementor-element elementor-element-02f0727 elementor-widget elementor-widget-image-gallery\" data-id=\"02f0727\" data-element_type=\"widget\" data-widget_type=\"image-gallery.default\">\n\t\t\t\t<div class=\"elementor-widget-container\">\n\t\t\t<style>\/*! elementor - v3.18.0 - 20-12-2023 *\/\n.elementor-image-gallery .gallery-item{display:inline-block;text-align:center;vertical-align:top;width:100%;max-width:100%;margin:0 auto}.elementor-image-gallery .gallery-item img{margin:0 auto}.elementor-image-gallery .gallery-item .gallery-caption{margin:0}.elementor-image-gallery figure img{display:block}.elementor-image-gallery figure figcaption{width:100%}.gallery-spacing-custom .elementor-image-gallery .gallery-icon{padding:0}@media (min-width:768px){.elementor-image-gallery .gallery-columns-2 .gallery-item{max-width:50%}.elementor-image-gallery .gallery-columns-3 .gallery-item{max-width:33.33%}.elementor-image-gallery .gallery-columns-4 .gallery-item{max-width:25%}.elementor-image-gallery .gallery-columns-5 .gallery-item{max-width:20%}.elementor-image-gallery .gallery-columns-6 .gallery-item{max-width:16.666%}.elementor-image-gallery .gallery-columns-7 .gallery-item{max-width:14.28%}.elementor-image-gallery .gallery-columns-8 .gallery-item{max-width:12.5%}.elementor-image-gallery .gallery-columns-9 .gallery-item{max-width:11.11%}.elementor-image-gallery .gallery-columns-10 .gallery-item{max-width:10%}}@media (min-width:480px) and (max-width:767px){.elementor-image-gallery .gallery.gallery-columns-2 .gallery-item,.elementor-image-gallery .gallery.gallery-columns-3 .gallery-item,.elementor-image-gallery .gallery.gallery-columns-4 .gallery-item,.elementor-image-gallery .gallery.gallery-columns-5 .gallery-item,.elementor-image-gallery .gallery.gallery-columns-6 .gallery-item,.elementor-image-gallery .gallery.gallery-columns-7 .gallery-item,.elementor-image-gallery .gallery.gallery-columns-8 .gallery-item,.elementor-image-gallery .gallery.gallery-columns-9 .gallery-item,.elementor-image-gallery .gallery.gallery-columns-10 .gallery-item{max-width:50%}}@media (max-width:479px){.elementor-image-gallery .gallery.gallery-columns-2 .gallery-item,.elementor-image-gallery .gallery.gallery-columns-3 .gallery-item,.elementor-image-gallery .gallery.gallery-columns-4 .gallery-item,.elementor-image-gallery .gallery.gallery-columns-5 .gallery-item,.elementor-image-gallery .gallery.gallery-columns-6 .gallery-item,.elementor-image-gallery .gallery.gallery-columns-7 .gallery-item,.elementor-image-gallery .gallery.gallery-columns-8 .gallery-item,.elementor-image-gallery .gallery.gallery-columns-9 .gallery-item,.elementor-image-gallery .gallery.gallery-columns-10 .gallery-item{max-width:100%}}<\/style>\t\t<div class=\"elementor-image-gallery\">\n\t\t\t<div id='gallery-1' class='gallery galleryid-1750 gallery-columns-5 gallery-size-thumbnail'><figure class='gallery-item'>\n\t\t\t<div class='gallery-icon landscape'>\n\t\t\t\t<a data-elementor-open-lightbox=\"yes\" data-elementor-lightbox-slideshow=\"02f0727\" data-elementor-lightbox-title=\"img1\" data-e-action-hash=\"#elementor-action%3Aaction%3Dlightbox%26settings%3DeyJpZCI6MzE2NSwidXJsIjoiaHR0cHM6XC9cL3RhdmFyZXNta3QuY29tLmJyXC9kcmZsYXZpb3JhbWlyZXNcL3dwLWNvbnRlbnRcL3VwbG9hZHNcLzIwMjRcLzAxXC9pbWcxLmpwZyIsInNsaWRlc2hvdyI6IjAyZjA3MjcifQ%3D%3D\" href='https:\/\/tavaresmkt.com.br\/drflavioramires\/wp-content\/uploads\/2024\/01\/img1.jpg'><img decoding=\"async\" width=\"150\" height=\"150\" src=\"https:\/\/tavaresmkt.com.br\/drflavioramires\/wp-content\/uploads\/2024\/01\/img1-150x150.jpg\" class=\"attachment-thumbnail size-thumbnail\" alt=\"\" srcset=\"https:\/\/tavaresmkt.com.br\/drflavioramires\/wp-content\/uploads\/2024\/01\/img1-150x150.jpg 150w, https:\/\/tavaresmkt.com.br\/drflavioramires\/wp-content\/uploads\/2024\/01\/img1.jpg 223w\" sizes=\"(max-width: 150px) 100vw, 150px\" \/><\/a>\n\t\t\t<\/div><\/figure><figure class='gallery-item'>\n\t\t\t<div class='gallery-icon landscape'>\n\t\t\t\t<a data-elementor-open-lightbox=\"yes\" data-elementor-lightbox-slideshow=\"02f0727\" data-elementor-lightbox-title=\"img2\" data-e-action-hash=\"#elementor-action%3Aaction%3Dlightbox%26settings%3DeyJpZCI6MzE2NiwidXJsIjoiaHR0cHM6XC9cL3RhdmFyZXNta3QuY29tLmJyXC9kcmZsYXZpb3JhbWlyZXNcL3dwLWNvbnRlbnRcL3VwbG9hZHNcLzIwMjRcLzAxXC9pbWcyLmpwZyIsInNsaWRlc2hvdyI6IjAyZjA3MjcifQ%3D%3D\" href='https:\/\/tavaresmkt.com.br\/drflavioramires\/wp-content\/uploads\/2024\/01\/img2.jpg'><img decoding=\"async\" width=\"150\" height=\"150\" src=\"https:\/\/tavaresmkt.com.br\/drflavioramires\/wp-content\/uploads\/2024\/01\/img2-150x150.jpg\" class=\"attachment-thumbnail size-thumbnail\" alt=\"\" srcset=\"https:\/\/tavaresmkt.com.br\/drflavioramires\/wp-content\/uploads\/2024\/01\/img2-150x150.jpg 150w, https:\/\/tavaresmkt.com.br\/drflavioramires\/wp-content\/uploads\/2024\/01\/img2.jpg 223w\" sizes=\"(max-width: 150px) 100vw, 150px\" \/><\/a>\n\t\t\t<\/div><\/figure><figure class='gallery-item'>\n\t\t\t<div class='gallery-icon landscape'>\n\t\t\t\t<a data-elementor-open-lightbox=\"yes\" data-elementor-lightbox-slideshow=\"02f0727\" data-elementor-lightbox-title=\"img3\" data-e-action-hash=\"#elementor-action%3Aaction%3Dlightbox%26settings%3DeyJpZCI6MzE2NywidXJsIjoiaHR0cHM6XC9cL3RhdmFyZXNta3QuY29tLmJyXC9kcmZsYXZpb3JhbWlyZXNcL3dwLWNvbnRlbnRcL3VwbG9hZHNcLzIwMjRcLzAxXC9pbWczLmpwZyIsInNsaWRlc2hvdyI6IjAyZjA3MjcifQ%3D%3D\" href='https:\/\/tavaresmkt.com.br\/drflavioramires\/wp-content\/uploads\/2024\/01\/img3.jpg'><img decoding=\"async\" width=\"150\" height=\"150\" src=\"https:\/\/tavaresmkt.com.br\/drflavioramires\/wp-content\/uploads\/2024\/01\/img3-150x150.jpg\" class=\"attachment-thumbnail size-thumbnail\" alt=\"\" srcset=\"https:\/\/tavaresmkt.com.br\/drflavioramires\/wp-content\/uploads\/2024\/01\/img3-150x150.jpg 150w, https:\/\/tavaresmkt.com.br\/drflavioramires\/wp-content\/uploads\/2024\/01\/img3.jpg 223w\" sizes=\"(max-width: 150px) 100vw, 150px\" \/><\/a>\n\t\t\t<\/div><\/figure><figure class='gallery-item'>\n\t\t\t<div class='gallery-icon landscape'>\n\t\t\t\t<a data-elementor-open-lightbox=\"yes\" data-elementor-lightbox-slideshow=\"02f0727\" data-elementor-lightbox-title=\"img4\" data-e-action-hash=\"#elementor-action%3Aaction%3Dlightbox%26settings%3DeyJpZCI6MzE2OCwidXJsIjoiaHR0cHM6XC9cL3RhdmFyZXNta3QuY29tLmJyXC9kcmZsYXZpb3JhbWlyZXNcL3dwLWNvbnRlbnRcL3VwbG9hZHNcLzIwMjRcLzAxXC9pbWc0LmpwZyIsInNsaWRlc2hvdyI6IjAyZjA3MjcifQ%3D%3D\" href='https:\/\/tavaresmkt.com.br\/drflavioramires\/wp-content\/uploads\/2024\/01\/img4.jpg'><img loading=\"lazy\" decoding=\"async\" width=\"150\" height=\"150\" src=\"https:\/\/tavaresmkt.com.br\/drflavioramires\/wp-content\/uploads\/2024\/01\/img4-150x150.jpg\" class=\"attachment-thumbnail size-thumbnail\" alt=\"\" srcset=\"https:\/\/tavaresmkt.com.br\/drflavioramires\/wp-content\/uploads\/2024\/01\/img4-150x150.jpg 150w, https:\/\/tavaresmkt.com.br\/drflavioramires\/wp-content\/uploads\/2024\/01\/img4.jpg 249w\" sizes=\"(max-width: 150px) 100vw, 150px\" \/><\/a>\n\t\t\t<\/div><\/figure><figure class='gallery-item'>\n\t\t\t<div class='gallery-icon landscape'>\n\t\t\t\t<a data-elementor-open-lightbox=\"yes\" data-elementor-lightbox-slideshow=\"02f0727\" data-elementor-lightbox-title=\"img5\" data-e-action-hash=\"#elementor-action%3Aaction%3Dlightbox%26settings%3DeyJpZCI6MzE2OSwidXJsIjoiaHR0cHM6XC9cL3RhdmFyZXNta3QuY29tLmJyXC9kcmZsYXZpb3JhbWlyZXNcL3dwLWNvbnRlbnRcL3VwbG9hZHNcLzIwMjRcLzAxXC9pbWc1LmpwZyIsInNsaWRlc2hvdyI6IjAyZjA3MjcifQ%3D%3D\" href='https:\/\/tavaresmkt.com.br\/drflavioramires\/wp-content\/uploads\/2024\/01\/img5.jpg'><img loading=\"lazy\" decoding=\"async\" width=\"150\" height=\"150\" src=\"https:\/\/tavaresmkt.com.br\/drflavioramires\/wp-content\/uploads\/2024\/01\/img5-150x150.jpg\" class=\"attachment-thumbnail size-thumbnail\" alt=\"\" srcset=\"https:\/\/tavaresmkt.com.br\/drflavioramires\/wp-content\/uploads\/2024\/01\/img5-150x150.jpg 150w, https:\/\/tavaresmkt.com.br\/drflavioramires\/wp-content\/uploads\/2024\/01\/img5.jpg 249w\" sizes=\"(max-width: 150px) 100vw, 150px\" \/><\/a>\n\t\t\t<\/div><\/figure>\n\t\t<\/div>\n\t\t<\/div>\n\t\t\t\t<\/div>\n\t\t\t\t<\/div>\n\t\t\t\t\t<\/div>\n\t\t\t\t<\/div>\n\t\t\t\t<section class=\"elementor-section elementor-top-section elementor-element elementor-element-9114296 elementor-section-boxed elementor-section-height-default elementor-section-height-default\" data-id=\"9114296\" data-element_type=\"section\">\n\t\t\t\t\t\t<div class=\"elementor-container elementor-column-gap-default\">\n\t\t\t\t\t<div class=\"elementor-column elementor-col-100 elementor-top-column elementor-element elementor-element-5ed5ea9\" data-id=\"5ed5ea9\" data-element_type=\"column\">\n\t\t\t<div class=\"elementor-widget-wrap elementor-element-populated\">\n\t\t\t\t\t\t\t\t<div class=\"elementor-element elementor-element-eae6da4 elementor-align-center elementor-widget elementor-widget-bdevs-heading\" data-id=\"eae6da4\" data-element_type=\"widget\" data-widget_type=\"bdevs-heading.default\">\n\t\t\t\t<div class=\"elementor-widget-container\">\n\t\t\t\t\t\t<div class=\"section-title pos-rel tp-el-content\">\r\n\r\n\t\t\t\t\r\n\t\t\t\t\t\t\t\t\t\t\t<div class=\"section-icon\">\r\n\t\t\t\t\t\t\t<img class=\"section-back-icon back-icon-left\" \r\n\t\t\t\t\t\t\tsrc=\"https:\/\/tavaresmkt.com.br\/drflavioramires\/wp-content\/themes\/medidove\/img\/section\/section-back-icon.png\" alt=\"img\">\r\n\t\t\t\t\t\t<\/div>\r\n\t\t\t\t\t\r\n\t\t\t\t\r\n\t\t\t\t<div class=\"section-text pos-rel\">\r\n\t\t\t\t\t\r\n\t\t\t\t\t<h2 class=\"sec-title tp-el-title\">Nosso compromisso<\/h2>\r\n\t\t\t\t\t\t\t\t\t<\/div>\r\n\r\n\t\t\t\t\t\t\t\t\t\t\t\t\t\t\t\t\t\t\t\t\t\t<div class=\"section-line pos-rel\">\r\n\t\t\t\t\t\t\t\t<img decoding=\"async\" src=\"https:\/\/tavaresmkt.com.br\/drflavioramires\/wp-content\/uploads\/2019\/05\/section-title-line.png\" alt=\"img\">\r\n\t\t\t\t\t\t\t<\/div>\r\n\t\t\t\t\t\t\r\n\t\t\t\t\t\t\t\t\t\t\t\t<\/div>\r\n\r\n\t\t\t\t<\/div>\n\t\t\t\t<\/div>\n\t\t\t\t\t<\/div>\n\t\t<\/div>\n\t\t\t\t\t\t\t<\/div>\n\t\t<\/section>\n\t\t<div class=\"elementor-element elementor-element-3eea031 e-flex e-con-boxed e-con e-parent\" data-id=\"3eea031\" data-element_type=\"container\" data-settings=\"{&quot;content_width&quot;:&quot;boxed&quot;}\" data-core-v316-plus=\"true\">\n\t\t\t\t\t<div class=\"e-con-inner\">\n\t\t\t\t<div class=\"elementor-element elementor-element-0e92ccd elementor-align-center elementor-widget elementor-widget-bdevs-features\" data-id=\"0e92ccd\" data-element_type=\"widget\" data-widget_type=\"bdevs-features.default\">\n\t\t\t\t<div class=\"elementor-widget-container\">\n\t\t\t\r\n\t\t\t<!-- How It Works  -->\r\n\t        <section class=\"howitworks\">\r\n\t            <div class=\"container\">\r\n\t                <div class=\"row pos-rel d-flex justify-content-between\">\r\n\t\t\t\t\t\t\r\n\t\t\t\t\t\t\t<div class=\"col-lg-3 col-md-4\">\r\n\t\t                        <div class=\"howit-box text-center mb-40 bdevs-el-content \">\r\n\t\t                        \t\t\t                           \t\t<i><img decoding=\"async\" src=\"https:\/\/tavaresmkt.com.br\/drflavioramires\/wp-content\/uploads\/2024\/01\/1.webp\" alt=\"\"><\/i>\r\n\t\t\t\t\t\t\t\t\t\r\n\t\t\t\t\t\t\t\t\t\t\t\t\t\t\t\t\t\t\t<h3 class=\"bdevs-el-title \">Miss\u00e3o<\/h3>\r\n\t\t\t\t\t\t\t\t\t\t\r\n\r\n\t\t\t\t\t\t\t\t\t\t\t\t\t\t\t\t\t\t\t<p class=\"bdevs-el-desc\">Atrav\u00e9s da experi\u00eancia m\u00e9dica e do conhecimento,  juntamente com a tecnologia, buscamos proporcionar o bem estar e sa\u00fade da mulher. Priorizamos e valorizamos a rela\u00e7\u00e3o entre m\u00e9dico e paciente atrav\u00e9s de um atendimento de excel\u00eancia.<\/p>\r\n\t\t\t\t\t\t\t\t\t\t\r\n\r\n\t\t\t\t\t\t\t\t\t\t\t                            \t<img decoding=\"async\" src=\"https:\/\/tavaresmkt.com.br\/drflavioramires\/wp-content\/themes\/medidove\/img\/icon\/move-icon.png\" alt=\"Move Icon\" class=\"move-icon\">\r\n\t\t                        \t\t\t                        <\/div>\r\n\t\t                    <\/div>\r\n\t\t\t\t\t\t\r\n\t\t\t\t\t\t\t<div class=\"col-lg-3 col-md-4\">\r\n\t\t                        <div class=\"howit-box text-center mb-40 bdevs-el-content \">\r\n\t\t                        \t\t\t                           \t\t<i><img decoding=\"async\" src=\"https:\/\/tavaresmkt.com.br\/drflavioramires\/wp-content\/uploads\/2024\/01\/190740848_m_normal_none-copy.webp\" alt=\"\"><\/i>\r\n\t\t\t\t\t\t\t\t\t\r\n\t\t\t\t\t\t\t\t\t\t\t\t\t\t\t\t\t\t\t<h3 class=\"bdevs-el-title \">Valores<\/h3>\r\n\t\t\t\t\t\t\t\t\t\t\r\n\r\n\t\t\t\t\t\t\t\t\t\t\t\t\t\t\t\t\t\t\t<p class=\"bdevs-el-desc\">Temos como princ\u00edpios a \u00e9tica, responsabilidade, honestidade e respeito.<\/p>\r\n\t\t\t\t\t\t\t\t\t\t\r\n\r\n\t\t\t\t\t\t\t\t\t\t\t                            \t<img decoding=\"async\" src=\"https:\/\/tavaresmkt.com.br\/drflavioramires\/wp-content\/themes\/medidove\/img\/icon\/move-icon.png\" alt=\"Move Icon\" class=\"move-icon\">\r\n\t\t                        \t\t\t                        <\/div>\r\n\t\t                    <\/div>\r\n\t\t\t\t\t\t\r\n\t\t\t\t\t\t\t<div class=\"col-lg-3 col-md-4\">\r\n\t\t                        <div class=\"howit-box text-center mb-40 bdevs-el-content \">\r\n\t\t                        \t\t\t                           \t\t<i><img decoding=\"async\" src=\"https:\/\/tavaresmkt.com.br\/drflavioramires\/wp-content\/uploads\/2024\/01\/119711689_m_normal_none.webp\" alt=\"\"><\/i>\r\n\t\t\t\t\t\t\t\t\t\r\n\t\t\t\t\t\t\t\t\t\t\t\t\t\t\t\t\t\t\t<h3 class=\"bdevs-el-title \">Vis\u00e3o<\/h3>\r\n\t\t\t\t\t\t\t\t\t\t\r\n\r\n\t\t\t\t\t\t\t\t\t\t\t\t\t\t\t\t\t\t\t<p class=\"bdevs-el-desc\">\u201cO ingrediente mais importante na f\u00f3rmula do sucesso \u00e9 saber como lidar com as pessoas.\" (Theodore Roosevelt)<\/p>\r\n\t\t\t\t\t\t\t\t\t\t\r\n\r\n\t\t\t\t\t\t\t\t\t\t\t                        <\/div>\r\n\t\t                    <\/div>\r\n\t\t\t\t\t\t\r\n\t                <\/div>\r\n\t            <\/div>\r\n\t        <\/section>\r\n\t        <!-- How It Works end -->\r\n\r\n\t\t\t\r\n\r\n\t\t\t<\/div>\n\t\t\t\t<\/div>\n\t\t\t\t\t<\/div>\n\t\t\t\t<\/div>\n\t\t\t\t\t\t\t<\/div>\n\t\t","protected":false},"excerpt":{"rendered":"<p> [&hellip;]<\/p>\n","protected":false},"author":1,"featured_media":0,"parent":0,"menu_order":0,"comment_status":"closed","ping_status":"closed","template":"elementor_header_footer","meta":{"footnotes":"","_joinchat":[]},"acf":[],"_links":{"self":[{"href":"https:\/\/tavaresmkt.com.br\/drflavioramires\/wp-json\/wp\/v2\/pages\/1750"}],"collection":[{"href":"https:\/\/tavaresmkt.com.br\/drflavioramires\/wp-json\/wp\/v2\/pages"}],"about":[{"href":"https:\/\/tavaresmkt.com.br\/drflavioramires\/wp-json\/wp\/v2\/types\/page"}],"author":[{"embeddable":true,"href":"https:\/\/tavaresmkt.com.br\/drflavioramires\/wp-json\/wp\/v2\/users\/1"}],"replies":[{"embeddable":true,"href":"https:\/\/tavaresmkt.com.br\/drflavioramires\/wp-json\/wp\/v2\/comments?post=1750"}],"version-history":[{"count":36,"href":"https:\/\/tavaresmkt.com.br\/drflavioramires\/wp-json\/wp\/v2\/pages\/1750\/revisions"}],"predecessor-version":[{"id":3369,"href":"https:\/\/tavaresmkt.com.br\/drflavioramires\/wp-json\/wp\/v2\/pages\/1750\/revisions\/3369"}],"wp:attachment":[{"href":"https:\/\/tavaresmkt.com.br\/drflavioramires\/wp-json\/wp\/v2\/media?parent=1750"}],"curies":[{"name":"wp","href":"https:\/\/api.w.org\/{rel}","templated":true}]}}