{"id":1705,"date":"2021-04-30T04:23:03","date_gmt":"2021-04-30T04:23:03","guid":{"rendered":"https:\/\/www.devsnews.com\/wp\/medidove\/department-02-copy\/"},"modified":"2024-02-02T18:47:01","modified_gmt":"2024-02-02T21:47:01","slug":"servicos","status":"publish","type":"page","link":"https:\/\/tavaresmkt.com.br\/drflavioramires\/servicos\/","title":{"rendered":"Servi\u00e7os"},"content":{"rendered":"\t\t<div data-elementor-type=\"wp-post\" data-elementor-id=\"1705\" class=\"elementor elementor-1705\">\n\t\t\t\t\t\t\t\t\t<section class=\"elementor-section elementor-top-section elementor-element elementor-element-a2ee2b1 elementor-section-full_width elementor-section-height-default elementor-section-height-default\" data-id=\"a2ee2b1\" data-element_type=\"section\">\n\t\t\t\t\t\t<div class=\"elementor-container elementor-column-gap-no\">\n\t\t\t\t\t<div class=\"elementor-column elementor-col-100 elementor-top-column elementor-element elementor-element-432f472\" data-id=\"432f472\" data-element_type=\"column\">\n\t\t\t<div class=\"elementor-widget-wrap elementor-element-populated\">\n\t\t\t\t\t\t\t\t<div class=\"elementor-element elementor-element-170ba6c elementor-align-left elementor-widget elementor-widget-bdevs-about\" data-id=\"170ba6c\" data-element_type=\"widget\" data-widget_type=\"bdevs-about.default\">\n\t\t\t\t<div class=\"elementor-widget-container\">\n\t\t\t\r\n\t\t\t<!-- about-area start -->\r\n\t\t\t<section class=\"about-area bdevs-el-section\">\r\n\t\t\t\t<div class=\"container\">\r\n\t\t\t\t\t<div class=\"row\">\r\n\t\t\t\t\t\t<div class=\"col-xl-6 col-lg-5\">\r\n\t\t\t\t\t\t\t<div class=\"h4about-thumb pos-rel\">\r\n\t\t\t\t\t\t\t\t\t\t\t\t\t\t\t\t\t<img decoding=\"async\" src=\"https:\/\/tavaresmkt.com.br\/drflavioramires\/wp-content\/uploads\/2024\/02\/clinica2.jpg\" alt=\"Nossas especialidades\">\r\n\t\t\t\t\t\t\t\t\r\n\t\t\t\t\t\t\t\t<a href=\"mailto:\" class=\"call-btn f-700 white-color green-bg\">\r\n\t\t\t\t\t\t\t\t\t<i class=\"call-icon\">\r\n\t\t\t\t\t\t\t\t\t\t\t\t\t\t\t\t\t\t\t\t\t<img decoding=\"async\" src=\"https:\/\/tavaresmkt.com.br\/drflavioramires\/wp-content\/uploads\/2019\/11\/about__phone__icon.png\" alt=\"Phone Icon\">\r\n\t\t\t\t\t\t\t\t\t\t\t\t\t\t\t\t\t\t\t<\/i>\r\n\r\n\t\t\t\t\t\t\t\t\t\t\t\t\t\t\t\t\t<\/a>\r\n\r\n\t\t\t\t\t\t\t\t\t\t\t\t\t\t\t\t\t<img decoding=\"async\" class=\"about-overlap__thumb\" src=\"https:\/\/tavaresmkt.com.br\/drflavioramires\/wp-content\/uploads\/2024\/02\/img3_peq.jpg\" alt=\"Overlay Image\">\r\n\t\t\t\t\t\t\t\t\t\t\t\t\t\t\t<\/div>\r\n\t\t\t\t\t\t<\/div>\r\n\t\t\t\t\t\t<div class=\"col-xl-6 col-lg-7\">\r\n\t\t\t\t\t\t\t<div class=\"about-right-side h4about-right mb-30 tp-el-content\">\r\n\t\t\t\t\t\t\t\t<div class=\"about-title mb-20\">\r\n\t\t\t\t\t\t\t\t\t\t\t\t\t\t\t\t\t\t\t<h5 class=\"tp-el-subtitle\">Nossas especialidades<\/h5>\r\n\t\t\t\t\t\t\t\t\t\r\n\t\t\t\t\t\t\t\t\t<h2 class=\"sec-title tp-el-title\">Mais de 35 anos de experi\u00eancia com sa\u00fade da mulher<\/h2>\r\n\t\t\t\t\t\t\t\t<\/div>\r\n\t\t\t\t\t\t\t\t\t\t\t\t\t\t\t\t\t<div class=\"about-text\">\r\n\t\t\t\t\t\t\t\t\t\t<p class=\"theme-color\"><span style=\"font-weight: 400\">Aten\u00e7\u00e3o e cuidado \u00e9 nosso foco e tudo por aqui foi pensado para proporcionar isso \u00e0 nossas pacientes! <\/span><\/p><p><span style=\"font-weight: 400\">Descubra quais s\u00e3o as especialidades da Cl\u00ednica Dr. Fl\u00e1vio Ramires. Muito al\u00e9m dos exames de rotina, aqui a sa\u00fade completa da mulher \u00e9 prioridade. Veja mais:<\/span><\/p>\t\t\t\t\t\t\t\t\t<\/div>\r\n\t\t\t\t\t\t\t\t\r\n\t\t\t\t\t\t\t\t\r\n\r\n\r\n\t\t\t\t\t\t\t<\/div>\r\n\t\t\t\t\t\t<\/div>\r\n\t\t\t\t\t<\/div>\r\n\t\t\t\t<\/div>\r\n\t\t\t<\/section>\r\n\t\t\t<!-- about-area end -->\r\n\t\t\t\t<\/div>\n\t\t\t\t<\/div>\n\t\t\t\t\t<\/div>\n\t\t<\/div>\n\t\t\t\t\t\t\t<\/div>\n\t\t<\/section>\n\t\t\t\t<section class=\"elementor-section elementor-top-section elementor-element elementor-element-b36aebd elementor-section-boxed elementor-section-height-default elementor-section-height-default\" data-id=\"b36aebd\" data-element_type=\"section\">\n\t\t\t\t\t\t\t<div class=\"elementor-background-overlay\"><\/div>\n\t\t\t\t\t\t\t<div class=\"elementor-container elementor-column-gap-default\">\n\t\t\t\t\t<div class=\"elementor-column elementor-col-100 elementor-top-column elementor-element elementor-element-f34bbbb\" data-id=\"f34bbbb\" data-element_type=\"column\">\n\t\t\t<div class=\"elementor-widget-wrap elementor-element-populated\">\n\t\t\t\t\t\t\t\t<div class=\"elementor-element elementor-element-354f36b elementor-align-center elementor-widget elementor-widget-bdevs-heading\" data-id=\"354f36b\" data-element_type=\"widget\" data-widget_type=\"bdevs-heading.default\">\n\t\t\t\t<div class=\"elementor-widget-container\">\n\t\t\t\t\t\t<div class=\"section-title pos-rel tp-el-content\">\r\n\r\n\t\t\t\t\r\n\t\t\t\t\t\t\t\t\t\t\t<div class=\"section-icon\">\r\n\t\t\t\t\t\t\t<img class=\"section-back-icon back-icon-left\" \r\n\t\t\t\t\t\t\tsrc=\"https:\/\/tavaresmkt.com.br\/drflavioramires\/wp-content\/themes\/medidove\/img\/section\/section-back-icon.png\" alt=\"img\">\r\n\t\t\t\t\t\t<\/div>\r\n\t\t\t\t\t\r\n\t\t\t\t\r\n\t\t\t\t<div class=\"section-text pos-rel\">\r\n\t\t\t\t\t\r\n\t\t\t\t\t<h2 class=\"sec-title tp-el-title\">Nossos servi\u00e7os<\/h2>\r\n\t\t\t\t\t\t\t\t\t<\/div>\r\n\r\n\t\t\t\t\t\t\t\t\t\t\t\t\t\t\t\t\t\t\t\t\t\t<div class=\"section-line pos-rel\">\r\n\t\t\t\t\t\t\t\t<img decoding=\"async\" src=\"https:\/\/tavaresmkt.com.br\/drflavioramires\/wp-content\/uploads\/2019\/05\/section-title-line.png\" alt=\"img\">\r\n\t\t\t\t\t\t\t<\/div>\r\n\t\t\t\t\t\t\r\n\t\t\t\t\t\t\t\t\t\t\t\t<\/div>\r\n\r\n\t\t\t\t<\/div>\n\t\t\t\t<\/div>\n\t\t\t\t\t<\/div>\n\t\t<\/div>\n\t\t\t\t\t\t\t<\/div>\n\t\t<\/section>\n\t\t\t\t<section class=\"elementor-section elementor-top-section elementor-element elementor-element-510779b elementor-section-full_width elementor-section-height-default elementor-section-height-default\" data-id=\"510779b\" data-element_type=\"section\">\n\t\t\t\t\t\t<div class=\"elementor-container elementor-column-gap-no\">\n\t\t\t\t\t<div class=\"elementor-column elementor-col-100 elementor-top-column elementor-element elementor-element-d829961\" data-id=\"d829961\" data-element_type=\"column\">\n\t\t\t<div class=\"elementor-widget-wrap elementor-element-populated\">\n\t\t\t\t\t\t\t\t<div class=\"elementor-element elementor-element-65fb4d6 elementor-align-left elementor-widget elementor-widget-bdevs-service-post\" data-id=\"65fb4d6\" data-element_type=\"widget\" data-widget_type=\"bdevs-service-post.default\">\n\t\t\t\t<div class=\"elementor-widget-container\">\n\t\t\t\r\n\t\t\r\n\t\t\t<!-- services-area start -->\r\n\t\t\t<section class=\"services-area pos-rel pb-160\">\r\n\t\t\t\t\t\t\t\t\t<span class=\"h4services-bg\">\r\n\t\t\t\t\t\t<img decoding=\"async\" src=\"https:\/\/tavaresmkt.com.br\/drflavioramires\/wp-content\/uploads\/2019\/11\/services__overlay__bg.png\" title=\"services__overlay__bg\" alt=\"services__overlay__bg\" loading=\"lazy\" \/>\t\t\t\t\t<\/span>\r\n\t\t\t\t\t\t\t\t<div class=\"container\">\r\n\t\t\t\t\t<div class=\"row h4service-active \">\r\n\t\t\t\t\t\t\t\t\t\t\t\t\t\t<div class=\"col-xl-4 col-lg-4 col-md-6 col-12\">\r\n\t\t\t\t\t\t\t\t\t<div class=\"h4service-box white-bg mb-30 text-left\">\r\n\t\t\t\t\t\t\t\t\t\t<div class=\"service-thumb pos-rel mb-0\">\r\n\t\t\t\t\t\t\t\t\t\t\t<a href=\"https:\/\/tavaresmkt.com.br\/drflavioramires\/servico\/rejuvenescimento\/\"><img fetchpriority=\"high\" decoding=\"async\" width=\"700\" height=\"570\" src=\"https:\/\/tavaresmkt.com.br\/drflavioramires\/wp-content\/uploads\/2019\/05\/service-1.jpg\" class=\"attachment-post-thumbnail size-post-thumbnail wp-post-image\" alt=\"\" srcset=\"https:\/\/tavaresmkt.com.br\/drflavioramires\/wp-content\/uploads\/2019\/05\/service-1.jpg 700w, https:\/\/tavaresmkt.com.br\/drflavioramires\/wp-content\/uploads\/2019\/05\/service-1-300x244.jpg 300w\" sizes=\"(max-width: 700px) 100vw, 700px\" \/><\/a>\r\n\t\t\t\t\t\t\t\t\t\t\t\t\t\t\t\t\t\t\t\t\t\t\t\t\t\t\t\t\t\t\t\t\t\t\t\t\t\t<a class=\"h4services-tag green-bg white-color bdevs-el-subtitle f-700\" href=\"https:\/\/tavaresmkt.com.br\/drflavioramires\/services-category\/ervicos\/\">Servi\u00e7os<\/a>\r\n\t\t\t\t\t\t\t\t\t\t\t\t\t\r\n\t\t\t\t\t\t\t\t\t\t\t\r\n\t\t\t\t\t\t\t\t\t\t<\/div>\r\n\t\t\t\t\t\t\t\t\t\t<div class=\"service-content h4services-content bdevs-el-content\">\r\n\r\n\r\n\t\t\t\t\t\t\t\t\t\t\t\t\t\t\t\t\t\t\t\t\t\t\t<h3 class=\"bdevs-el-title\"><a href=\"https:\/\/tavaresmkt.com.br\/drflavioramires\/servico\/rejuvenescimento\/\">REJUVENESCIMENTO VAGINAL<\/a><\/h3>\r\n\t\t\t\t\t\t\t\t\t\t\t\r\n\t\t\t\t\t\t\t\t\t\t\t\t\t\t\t\t\t\t\t\t\t\t\t<p>O tratamento tem como objetivo devolver a auto-estima \u00e0 mulheres aumentando a lubrifica\u00e7\u00e3o, diminuindo a flacidez<\/p>\r\n\t\t\t\t\t\t\t\t\t\t\t\r\n\t\t\t\t\t\t\t\t\t\t\t\t\t\t\t\t\t\t\t\t\t\t\r\n\t\t\t\t\t\t\t\t\t\t\t\t\t\t\t\t\t\t\t\t\t\t\t\t\t<a href=\"https:\/\/tavaresmkt.com.br\/drflavioramires\/servico\/rejuvenescimento\/\" class=\"service-link  tp-el-btn\">\r\n\t\t\t\t\t\t\t\t\t\t\t\t\t\tSaiba mais\t\t\t\t\t\t\t\t\t\t\t\t\t\t\t\t\t\t\t\t\t\t\t\t\t\t\t\t\t<i class=\"fas fa-angle-double-right\"><\/i>\r\n\t\t\t\t\t\t\t\t\t\t\t\t\t\t\t\t\t\t\t\t\t\t\t\t\t\t\t<\/a>\r\n\t\t\t\t\t\t\t\t\t\t\t\t\r\n\t\t\t\t\t\t\t\t\t\t\t\t\t\t\t\t\t\t\t\t\t<\/div>\r\n\t\t\t\t\t\t\t\t\t<\/div>\r\n\t\t\t\t\t\t\t\t<\/div>\r\n\t\t\t\t\t\t\t\t\t\t\t\t\t\t<div class=\"col-xl-4 col-lg-4 col-md-6 col-12\">\r\n\t\t\t\t\t\t\t\t\t<div class=\"h4service-box white-bg mb-30 text-left\">\r\n\t\t\t\t\t\t\t\t\t\t<div class=\"service-thumb pos-rel mb-0\">\r\n\t\t\t\t\t\t\t\t\t\t\t<a href=\"https:\/\/tavaresmkt.com.br\/drflavioramires\/servico\/implantes\/\"><img decoding=\"async\" width=\"700\" height=\"570\" src=\"https:\/\/tavaresmkt.com.br\/drflavioramires\/wp-content\/uploads\/2019\/05\/service-6.jpg\" class=\"attachment-post-thumbnail size-post-thumbnail wp-post-image\" alt=\"\" srcset=\"https:\/\/tavaresmkt.com.br\/drflavioramires\/wp-content\/uploads\/2019\/05\/service-6.jpg 700w, https:\/\/tavaresmkt.com.br\/drflavioramires\/wp-content\/uploads\/2019\/05\/service-6-300x244.jpg 300w\" sizes=\"(max-width: 700px) 100vw, 700px\" \/><\/a>\r\n\t\t\t\t\t\t\t\t\t\t\t\t\t\t\t\t\t\t\t\t\t\t\t\t\t\t\t\t\t\t\t\t\t\t\t\t\t\t<a class=\"h4services-tag green-bg white-color bdevs-el-subtitle f-700\" href=\"https:\/\/tavaresmkt.com.br\/drflavioramires\/services-category\/ervicos\/\">Servi\u00e7os<\/a>\r\n\t\t\t\t\t\t\t\t\t\t\t\t\t\r\n\t\t\t\t\t\t\t\t\t\t\t\r\n\t\t\t\t\t\t\t\t\t\t<\/div>\r\n\t\t\t\t\t\t\t\t\t\t<div class=\"service-content h4services-content bdevs-el-content\">\r\n\r\n\r\n\t\t\t\t\t\t\t\t\t\t\t\t\t\t\t\t\t\t\t\t\t\t\t<h3 class=\"bdevs-el-title\"><a href=\"https:\/\/tavaresmkt.com.br\/drflavioramires\/servico\/implantes\/\">IMPLANTES HORMONAIS<\/a><\/h3>\r\n\t\t\t\t\t\t\t\t\t\t\t\r\n\t\t\t\t\t\t\t\t\t\t\t\t\t\t\t\t\t\t\t\t\t\t\t<p>Os implantes hormonais podem ser considerados os m\u00e9todos contraceptivos mais modernos que existem atualmente. Inserido por<\/p>\r\n\t\t\t\t\t\t\t\t\t\t\t\r\n\t\t\t\t\t\t\t\t\t\t\t\t\t\t\t\t\t\t\t\t\t\t\r\n\t\t\t\t\t\t\t\t\t\t\t\t\t\t\t\t\t\t\t\t\t\t\t\t\t<a href=\"https:\/\/tavaresmkt.com.br\/drflavioramires\/servico\/implantes\/\" class=\"service-link  tp-el-btn\">\r\n\t\t\t\t\t\t\t\t\t\t\t\t\t\tSaiba mais\t\t\t\t\t\t\t\t\t\t\t\t\t\t\t\t\t\t\t\t\t\t\t\t\t\t\t\t\t<i class=\"fas fa-angle-double-right\"><\/i>\r\n\t\t\t\t\t\t\t\t\t\t\t\t\t\t\t\t\t\t\t\t\t\t\t\t\t\t\t<\/a>\r\n\t\t\t\t\t\t\t\t\t\t\t\t\r\n\t\t\t\t\t\t\t\t\t\t\t\t\t\t\t\t\t\t\t\t\t<\/div>\r\n\t\t\t\t\t\t\t\t\t<\/div>\r\n\t\t\t\t\t\t\t\t<\/div>\r\n\t\t\t\t\t\t\t\t\t\t\t\t\t\t<div class=\"col-xl-4 col-lg-4 col-md-6 col-12\">\r\n\t\t\t\t\t\t\t\t\t<div class=\"h4service-box white-bg mb-30 text-left\">\r\n\t\t\t\t\t\t\t\t\t\t<div class=\"service-thumb pos-rel mb-0\">\r\n\t\t\t\t\t\t\t\t\t\t\t<a href=\"https:\/\/tavaresmkt.com.br\/drflavioramires\/servico\/laparoscopia\/\"><img decoding=\"async\" width=\"700\" height=\"570\" src=\"https:\/\/tavaresmkt.com.br\/drflavioramires\/wp-content\/uploads\/2019\/05\/service-7.jpg\" class=\"attachment-post-thumbnail size-post-thumbnail wp-post-image\" alt=\"\" srcset=\"https:\/\/tavaresmkt.com.br\/drflavioramires\/wp-content\/uploads\/2019\/05\/service-7.jpg 700w, https:\/\/tavaresmkt.com.br\/drflavioramires\/wp-content\/uploads\/2019\/05\/service-7-300x244.jpg 300w\" sizes=\"(max-width: 700px) 100vw, 700px\" \/><\/a>\r\n\t\t\t\t\t\t\t\t\t\t\t\t\t\t\t\t\t\t\t\t\t\t\t\t\t\t\t\t\t\t\t\t\t\t\t\t\t\t<a class=\"h4services-tag green-bg white-color bdevs-el-subtitle f-700\" href=\"https:\/\/tavaresmkt.com.br\/drflavioramires\/services-category\/ervicos\/\">Servi\u00e7os<\/a>\r\n\t\t\t\t\t\t\t\t\t\t\t\t\t\r\n\t\t\t\t\t\t\t\t\t\t\t\r\n\t\t\t\t\t\t\t\t\t\t<\/div>\r\n\t\t\t\t\t\t\t\t\t\t<div class=\"service-content h4services-content bdevs-el-content\">\r\n\r\n\r\n\t\t\t\t\t\t\t\t\t\t\t\t\t\t\t\t\t\t\t\t\t\t\t<h3 class=\"bdevs-el-title\"><a href=\"https:\/\/tavaresmkt.com.br\/drflavioramires\/servico\/laparoscopia\/\">LAPAROSCOPIA<\/a><\/h3>\r\n\t\t\t\t\t\t\t\t\t\t\t\r\n\t\t\t\t\t\t\t\t\t\t\t\t\t\t\t\t\t\t\t\t\t\t\t<p>Sendo utilizada tanto para diagn\u00f3stico como tamb\u00e9m para tratamento, a laparoscopia \u00e9 um procedimento cir\u00fargico minimamente<\/p>\r\n\t\t\t\t\t\t\t\t\t\t\t\r\n\t\t\t\t\t\t\t\t\t\t\t\t\t\t\t\t\t\t\t\t\t\t\r\n\t\t\t\t\t\t\t\t\t\t\t\t\t\t\t\t\t\t\t\t\t\t\t\t\t<a href=\"https:\/\/tavaresmkt.com.br\/drflavioramires\/servico\/laparoscopia\/\" class=\"service-link  tp-el-btn\">\r\n\t\t\t\t\t\t\t\t\t\t\t\t\t\tSaiba mais\t\t\t\t\t\t\t\t\t\t\t\t\t\t\t\t\t\t\t\t\t\t\t\t\t\t\t\t\t<i class=\"fas fa-angle-double-right\"><\/i>\r\n\t\t\t\t\t\t\t\t\t\t\t\t\t\t\t\t\t\t\t\t\t\t\t\t\t\t\t<\/a>\r\n\t\t\t\t\t\t\t\t\t\t\t\t\r\n\t\t\t\t\t\t\t\t\t\t\t\t\t\t\t\t\t\t\t\t\t<\/div>\r\n\t\t\t\t\t\t\t\t\t<\/div>\r\n\t\t\t\t\t\t\t\t<\/div>\r\n\t\t\t\t\t\t\t\t\t\t\t\t\t\t<div class=\"col-xl-4 col-lg-4 col-md-6 col-12\">\r\n\t\t\t\t\t\t\t\t\t<div class=\"h4service-box white-bg mb-30 text-left\">\r\n\t\t\t\t\t\t\t\t\t\t<div class=\"service-thumb pos-rel mb-0\">\r\n\t\t\t\t\t\t\t\t\t\t\t<a href=\"https:\/\/tavaresmkt.com.br\/drflavioramires\/servico\/ultrassonografia\/\"><img loading=\"lazy\" decoding=\"async\" width=\"700\" height=\"570\" src=\"https:\/\/tavaresmkt.com.br\/drflavioramires\/wp-content\/uploads\/2019\/05\/service-4.jpg\" class=\"attachment-post-thumbnail size-post-thumbnail wp-post-image\" alt=\"\" srcset=\"https:\/\/tavaresmkt.com.br\/drflavioramires\/wp-content\/uploads\/2019\/05\/service-4.jpg 700w, https:\/\/tavaresmkt.com.br\/drflavioramires\/wp-content\/uploads\/2019\/05\/service-4-300x244.jpg 300w\" sizes=\"(max-width: 700px) 100vw, 700px\" \/><\/a>\r\n\t\t\t\t\t\t\t\t\t\t\t\t\t\t\t\t\t\t\t\t\t\t\t\t\t\t\t\t\t\t\t\t\t\t\t\t\t\t<a class=\"h4services-tag green-bg white-color bdevs-el-subtitle f-700\" href=\"https:\/\/tavaresmkt.com.br\/drflavioramires\/services-category\/ervicos\/\">Servi\u00e7os<\/a>\r\n\t\t\t\t\t\t\t\t\t\t\t\t\t\r\n\t\t\t\t\t\t\t\t\t\t\t\r\n\t\t\t\t\t\t\t\t\t\t<\/div>\r\n\t\t\t\t\t\t\t\t\t\t<div class=\"service-content h4services-content bdevs-el-content\">\r\n\r\n\r\n\t\t\t\t\t\t\t\t\t\t\t\t\t\t\t\t\t\t\t\t\t\t\t<h3 class=\"bdevs-el-title\"><a href=\"https:\/\/tavaresmkt.com.br\/drflavioramires\/servico\/ultrassonografia\/\">ULTRASSONOGRAFIA 3D\/4D<\/a><\/h3>\r\n\t\t\t\t\t\t\t\t\t\t\t\r\n\t\t\t\t\t\t\t\t\t\t\t\t\t\t\t\t\t\t\t\t\t\t\t<p>Tamb\u00e9m conhecido como ultrassomou ecografia, este \u00e9 um exame de diagn\u00f3stico por imagem que ajuda a<\/p>\r\n\t\t\t\t\t\t\t\t\t\t\t\r\n\t\t\t\t\t\t\t\t\t\t\t\t\t\t\t\t\t\t\t\t\t\t\r\n\t\t\t\t\t\t\t\t\t\t\t\t\t\t\t\t\t\t\t\t\t\t\t\t\t<a href=\"https:\/\/tavaresmkt.com.br\/drflavioramires\/servico\/ultrassonografia\/\" class=\"service-link  tp-el-btn\">\r\n\t\t\t\t\t\t\t\t\t\t\t\t\t\tSaiba mais\t\t\t\t\t\t\t\t\t\t\t\t\t\t\t\t\t\t\t\t\t\t\t\t\t\t\t\t\t<i class=\"fas fa-angle-double-right\"><\/i>\r\n\t\t\t\t\t\t\t\t\t\t\t\t\t\t\t\t\t\t\t\t\t\t\t\t\t\t\t<\/a>\r\n\t\t\t\t\t\t\t\t\t\t\t\t\r\n\t\t\t\t\t\t\t\t\t\t\t\t\t\t\t\t\t\t\t\t\t<\/div>\r\n\t\t\t\t\t\t\t\t\t<\/div>\r\n\t\t\t\t\t\t\t\t<\/div>\r\n\t\t\t\t\t\t\t\t\t\t\t\t\t\t<div class=\"col-xl-4 col-lg-4 col-md-6 col-12\">\r\n\t\t\t\t\t\t\t\t\t<div class=\"h4service-box white-bg mb-30 text-left\">\r\n\t\t\t\t\t\t\t\t\t\t<div class=\"service-thumb pos-rel mb-0\">\r\n\t\t\t\t\t\t\t\t\t\t\t<a href=\"https:\/\/tavaresmkt.com.br\/drflavioramires\/servico\/hpv\/\"><img loading=\"lazy\" decoding=\"async\" width=\"700\" height=\"570\" src=\"https:\/\/tavaresmkt.com.br\/drflavioramires\/wp-content\/uploads\/2019\/05\/service-5.jpg\" class=\"attachment-post-thumbnail size-post-thumbnail wp-post-image\" alt=\"\" srcset=\"https:\/\/tavaresmkt.com.br\/drflavioramires\/wp-content\/uploads\/2019\/05\/service-5.jpg 700w, https:\/\/tavaresmkt.com.br\/drflavioramires\/wp-content\/uploads\/2019\/05\/service-5-300x244.jpg 300w\" sizes=\"(max-width: 700px) 100vw, 700px\" \/><\/a>\r\n\t\t\t\t\t\t\t\t\t\t\t\t\t\t\t\t\t\t\t\t\t\t\t\t\t\t\t\t\t\t\t\t\t\t\t\t\t\t<a class=\"h4services-tag green-bg white-color bdevs-el-subtitle f-700\" href=\"https:\/\/tavaresmkt.com.br\/drflavioramires\/services-category\/ervicos\/\">Servi\u00e7os<\/a>\r\n\t\t\t\t\t\t\t\t\t\t\t\t\t\r\n\t\t\t\t\t\t\t\t\t\t\t\r\n\t\t\t\t\t\t\t\t\t\t<\/div>\r\n\t\t\t\t\t\t\t\t\t\t<div class=\"service-content h4services-content bdevs-el-content\">\r\n\r\n\r\n\t\t\t\t\t\t\t\t\t\t\t\t\t\t\t\t\t\t\t\t\t\t\t<h3 class=\"bdevs-el-title\"><a href=\"https:\/\/tavaresmkt.com.br\/drflavioramires\/servico\/hpv\/\">HPV: DIAGN\u00d3STICO E TRATAMENTO<\/a><\/h3>\r\n\t\t\t\t\t\t\t\t\t\t\t\r\n\t\t\t\t\t\t\t\t\t\t\t\t\t\t\t\t\t\t\t\t\t\t\t<p>HPV \u00e9 um v\u00edrus que atinge a pele e as mucosas, podendo causar verrugas ou les\u00f5es<\/p>\r\n\t\t\t\t\t\t\t\t\t\t\t\r\n\t\t\t\t\t\t\t\t\t\t\t\t\t\t\t\t\t\t\t\t\t\t\r\n\t\t\t\t\t\t\t\t\t\t\t\t\t\t\t\t\t\t\t\t\t\t\t\t\t<a href=\"https:\/\/tavaresmkt.com.br\/drflavioramires\/servico\/hpv\/\" class=\"service-link  tp-el-btn\">\r\n\t\t\t\t\t\t\t\t\t\t\t\t\t\tSaiba mais\t\t\t\t\t\t\t\t\t\t\t\t\t\t\t\t\t\t\t\t\t\t\t\t\t\t\t\t\t<i class=\"fas fa-angle-double-right\"><\/i>\r\n\t\t\t\t\t\t\t\t\t\t\t\t\t\t\t\t\t\t\t\t\t\t\t\t\t\t\t<\/a>\r\n\t\t\t\t\t\t\t\t\t\t\t\t\r\n\t\t\t\t\t\t\t\t\t\t\t\t\t\t\t\t\t\t\t\t\t<\/div>\r\n\t\t\t\t\t\t\t\t\t<\/div>\r\n\t\t\t\t\t\t\t\t<\/div>\r\n\t\t\t\t\t\t\t\t\t\t\t<\/div>\r\n\t\t\t\t<\/div>\r\n\t\t\t<\/section>\r\n\t\t\t<!-- services-area end -->\r\n\t\t\r\n\t\t<\/div>\n\t\t\t\t<\/div>\n\t\t\t\t\t<\/div>\n\t\t<\/div>\n\t\t\t\t\t\t\t<\/div>\n\t\t<\/section>\n\t\t\t\t\t\t\t<\/div>\n\t\t","protected":false},"excerpt":{"rendered":"","protected":false},"author":1,"featured_media":0,"parent":0,"menu_order":0,"comment_status":"closed","ping_status":"closed","template":"elementor_header_footer","meta":{"footnotes":"","_joinchat":[]},"acf":[],"_links":{"self":[{"href":"https:\/\/tavaresmkt.com.br\/drflavioramires\/wp-json\/wp\/v2\/pages\/1705"}],"collection":[{"href":"https:\/\/tavaresmkt.com.br\/drflavioramires\/wp-json\/wp\/v2\/pages"}],"about":[{"href":"https:\/\/tavaresmkt.com.br\/drflavioramires\/wp-json\/wp\/v2\/types\/page"}],"author":[{"embeddable":true,"href":"https:\/\/tavaresmkt.com.br\/drflavioramires\/wp-json\/wp\/v2\/users\/1"}],"replies":[{"embeddable":true,"href":"https:\/\/tavaresmkt.com.br\/drflavioramires\/wp-json\/wp\/v2\/comments?post=1705"}],"version-history":[{"count":8,"href":"https:\/\/tavaresmkt.com.br\/drflavioramires\/wp-json\/wp\/v2\/pages\/1705\/revisions"}],"predecessor-version":[{"id":3277,"href":"https:\/\/tavaresmkt.com.br\/drflavioramires\/wp-json\/wp\/v2\/pages\/1705\/revisions\/3277"}],"wp:attachment":[{"href":"https:\/\/tavaresmkt.com.br\/drflavioramires\/wp-json\/wp\/v2\/media?parent=1705"}],"curies":[{"name":"wp","href":"https:\/\/api.w.org\/{rel}","templated":true}]}}